{"id":71,"date":"2016-12-12T19:39:22","date_gmt":"2016-12-12T18:39:22","guid":{"rendered":"http:\/\/cozinox.com\/?page_id=71"},"modified":"2025-11-21T12:25:38","modified_gmt":"2025-11-21T11:25:38","slug":"references","status":"publish","type":"page","link":"https:\/\/cozinox.com\/index.php\/fr\/references\/","title":{"rendered":"R\u00e9f\u00e9rences"},"content":{"rendered":"<p style=\"text-align: left;\">Parce que ce sont nos clients qui en parlent le mieux, d\u00e9couvrez quelques uns des beaux produits r\u00e9alis\u00e9s gr\u00e2ce aux laboratoires install\u00e9s par COZINOX en cliquant sur les vaches.<\/p>\n<p style=\"text-align: center;\">\u00a0 \u00a0 \u00a0 <a href=\"http:\/\/fermedumoulinet.com\/index.php\/la-fromagerie\/\" target=\"_blank\" rel=\"noopener noreferrer\"><img loading=\"lazy\" decoding=\"async\" class=\" wp-image-56 alignnone\" src=\"https:\/\/cozinox.com\/wp-content\/uploads\/2016\/09\/moulinet.jpg\" alt=\"\" width=\"116\" height=\"98\" \/>\u00a0\u00a0\u00a0\u00a0\u00a0 <\/a><a href=\"https:\/\/ferme-mezerac.fr\/qui-sommes-nous-produits-laitiers-fermiers-pays-de-guerande\/\" target=\"_blank\" rel=\"noopener noreferrer\"><img loading=\"lazy\" decoding=\"async\" class=\"alignnone wp-image-107 size-full\" src=\"https:\/\/cozinox.com\/wp-content\/uploads\/2016\/12\/mezerac.jpg\" alt=\"\" width=\"77\" height=\"93\" \/><\/a><a href=\"https:\/\/www.fermedekerbastard.fr\/lire\/kerbastard#la-ferme\" rel=\"attachment wp-att-80461\"><img loading=\"lazy\" decoding=\"async\" class=\"alignnone wp-image-80461 size-full\" src=\"https:\/\/cozinox.com\/wp-content\/uploads\/2025\/11\/Capture-decran-2025-11-21-120811.png\" alt=\"\" width=\"121\" height=\"93\" \/><\/a><a href=\"https:\/\/www.saintrieulait.com\/\" rel=\"attachment wp-att-80462\"><img loading=\"lazy\" decoding=\"async\" class=\"alignnone wp-image-80462 size-full\" src=\"https:\/\/cozinox.com\/wp-content\/uploads\/2025\/11\/logobaseline2-1.png\" alt=\"\" width=\"124\" height=\"110\" \/><\/a><\/p>\n\n\n<p><\/p>\n","protected":false},"excerpt":{"rendered":"<p>Parce que ce sont nos clients qui en parlent le mieux, d\u00e9couvrez quelques uns des beaux produits r\u00e9alis\u00e9s gr\u00e2ce aux laboratoires install\u00e9s par COZINOX en cliquant sur les vaches. \u00a0 \u00a0 \u00a0 \u00a0\u00a0\u00a0\u00a0\u00a0<\/p>\n","protected":false},"author":1,"featured_media":0,"parent":0,"menu_order":0,"comment_status":"closed","ping_status":"closed","template":"","meta":{"footnotes":""},"class_list":["post-71","page","type-page","status-publish","hentry"],"aioseo_notices":[],"_links":{"self":[{"href":"https:\/\/cozinox.com\/index.php\/wp-json\/wp\/v2\/pages\/71","targetHints":{"allow":["GET"]}}],"collection":[{"href":"https:\/\/cozinox.com\/index.php\/wp-json\/wp\/v2\/pages"}],"about":[{"href":"https:\/\/cozinox.com\/index.php\/wp-json\/wp\/v2\/types\/page"}],"author":[{"embeddable":true,"href":"https:\/\/cozinox.com\/index.php\/wp-json\/wp\/v2\/users\/1"}],"replies":[{"embeddable":true,"href":"https:\/\/cozinox.com\/index.php\/wp-json\/wp\/v2\/comments?post=71"}],"version-history":[{"count":8,"href":"https:\/\/cozinox.com\/index.php\/wp-json\/wp\/v2\/pages\/71\/revisions"}],"predecessor-version":[{"id":80465,"href":"https:\/\/cozinox.com\/index.php\/wp-json\/wp\/v2\/pages\/71\/revisions\/80465"}],"wp:attachment":[{"href":"https:\/\/cozinox.com\/index.php\/wp-json\/wp\/v2\/media?parent=71"}],"curies":[{"name":"wp","href":"https:\/\/api.w.org\/{rel}","templated":true}]}}